{"id":699,"date":"2023-05-16T16:44:55","date_gmt":"2023-05-16T19:44:55","guid":{"rendered":"https:\/\/csan2023.saneurociencias.org.ar\/?page_id=699"},"modified":"2023-10-02T21:01:45","modified_gmt":"2023-10-03T00:01:45","slug":"plenary-lectures","status":"publish","type":"page","link":"https:\/\/csan2023.saneurociencias.org.ar\/index.php\/plenary-lectures\/","title":{"rendered":"Plenary Lectures"},"content":{"rendered":"<section class=\"wpb-content-wrapper\"><p>[vc_row full_width=&#8221;stretch_row&#8221; parallax=&#8221;content-moving&#8221; parallax_image=&#8221;500&#8243; css=&#8221;.vc_custom_1487990566443{margin-top: -50px !important;}&#8221;][vc_column]<section id=\"about-header\" class=\"bg-scroll header-info-section division \">\n\t\t\t<div class=\"container white-color\">\t\t\t\t\n\t\t\t\t<div class=\"row\">\t\t\t\t\t\t\n\t\t\t\t\t<div class=\"col-md-8 col-lg-6 col-md-offset-2 col-lg-offset-3 text-center\">\t\t\t\t\t\t\t\t\t\n\n\t\t\t\t\t\t\n\t\t\t\t\t\t<h2 class=\"h2-medium\">Plenary Lectures<\/h2>\n\t\t\t\t\t\t\t\n\t\t\t\t\t\t\n\t\t\t\t\t\t<p class=\"p-huge\"><\/p>\n\t\t\t\t\t\t\n\t\t\t\t\t<\/div>\t\t\t\t\t\t\n\t\t\t\t<\/div>\n\t\t\t<\/div>\n\t\t<\/section>[\/vc_column][\/vc_row][vc_row full_width=&#8221;stretch_row&#8221; el_id=&#8221;features&#8221; css=&#8221;.vc_custom_1684271887021{margin-top: 15px !important;}&#8221;][vc_column width=&#8221;1\/3&#8243; offset=&#8221;vc_col-lg-4 vc_col-md-4&#8243; css=&#8221;.vc_custom_1684271652701{margin-top: 20px !important;padding-top: 0px !important;}&#8221;][vc_single_image image=&#8221;1056&#8243; img_size=&#8221;200&#215;200&#8243; alignment=&#8221;center&#8221; style=&#8221;vc_box_border_circle&#8221;][\/vc_column][vc_column width=&#8221;2\/3&#8243; css=&#8221;.vc_custom_1684268607621{margin-top: 20px !important;}&#8221;]<div class=\"fbox m-bottom-50 \">\n\t\t\t\t\t\t\n\t\t\t\t\t\n\t\t\t\t\t<h4 class=\"h4-huge\">Dr. Edvard Moser<\/h4>\n\t\t\t\t\t\n\t\t\t\t\t\n\t\t\t\t\t<p class=\"p-lg m-bottom-15\">Nobel Prize in Physiology or Medicine 2014<\/p>\n\t\t\t\t\t\n\t\t\t\t\t\n\t\t\t\t\t<p>Kavli Institute for Systems Neuroscience at the Norwegian University of Science and Technology.Trondheim. Norway.<br \/>\nTitle: \u201cNeural network dynamics in entorhinal cortex: Space and time\u201d.<br \/>\n<strong>Supported by Human Frontier Science Program<\/strong>\n\t\t\t\t\t<\/p><\/div>[vc_btn title=&#8221;Read Abstract&#8221; style=&#8221;flat&#8221; color=&#8221;primary&#8221; size=&#8221;lg&#8221; align=&#8221;left&#8221; link=&#8221;url:https%3A%2F%2Fcsan2023.saneurociencias.org.ar%2Findex.php%2Fedvard-moser%2F|title:Plenary%20Lecture%20Edvard%20Moser|target:_blank&#8221;][vc_single_image image=&#8221;1077&#8243; img_size=&#8221;225&#215;75&#8243;][\/vc_column][\/vc_row][vc_row full_width=&#8221;stretch_row&#8221; css=&#8221;.vc_custom_1684271858033{margin-top: 15px !important;background-color: #f2f2f2 !important;}&#8221;][vc_column width=&#8221;1\/3&#8243; offset=&#8221;vc_col-lg-4 vc_col-md-4&#8243; css=&#8221;.vc_custom_1684271652701{margin-top: 20px !important;padding-top: 0px !important;}&#8221;][vc_single_image image=&#8221;1058&#8243; img_size=&#8221;200&#215;200&#8243; alignment=&#8221;center&#8221; style=&#8221;vc_box_border_circle&#8221;][\/vc_column][vc_column width=&#8221;2\/3&#8243; css=&#8221;.vc_custom_1684268607621{margin-top: 20px !important;}&#8221;]<div class=\"fbox m-bottom-50 \">\n\t\t\t\t\t\t\n\t\t\t\t\t\n\t\t\t\t\t<h4 class=\"h4-huge\">Dr. Anal\u00eda Bortolozzi<\/h4>\n\t\t\t\t\t\n\t\t\t\t\t\n\t\t\t\t\t<p class=\"p-lg m-bottom-15\"><\/p>\n\t\t\t\t\t\n\t\t\t\t\t\n\t\t\t\t\t<p>Laboratorio de Neurofarmacolog\u00eda de Sistemas. Departamento de Neurociencias y Terap\u00e9utica Experimental. Instituto de Investigaciones Biom\u00e9dicas de Barcelona. CSIC. Barcelona. Spain.<\/p>\n<p>Title: ``Emotional brain circuit mapping in Parkinson\u2019s disease\u201d\n\t\t\t\t\t<\/p><\/div>[vc_btn title=&#8221;Read Abstract&#8221; style=&#8221;flat&#8221; color=&#8221;primary&#8221; size=&#8221;lg&#8221; align=&#8221;left&#8221; link=&#8221;url:https%3A%2F%2Fcsan2023.saneurociencias.org.ar%2Findex.php%2Fplenary-lecture-analia-bortolozzi%2F|title:Plenary%20Lecture%20Edvard%20Moser|target:_blank&#8221;][\/vc_column][\/vc_row][vc_row full_width=&#8221;stretch_row&#8221; css=&#8221;.vc_custom_1684271887021{margin-top: 15px !important;}&#8221;][vc_column width=&#8221;1\/3&#8243; offset=&#8221;vc_col-lg-4 vc_col-md-4&#8243; css=&#8221;.vc_custom_1684271652701{margin-top: 20px !important;padding-top: 0px !important;}&#8221;][vc_single_image image=&#8221;1060&#8243; img_size=&#8221;200&#215;200&#8243; alignment=&#8221;center&#8221; style=&#8221;vc_box_border_circle&#8221;][\/vc_column][vc_column width=&#8221;2\/3&#8243; css=&#8221;.vc_custom_1684268607621{margin-top: 20px !important;}&#8221;]<div class=\"fbox m-bottom-50 \">\n\t\t\t\t\t\t\n\t\t\t\t\t\n\t\t\t\t\t<h4 class=\"h4-huge\">Dr. Angela Casini<\/h4>\n\t\t\t\t\t\n\t\t\t\t\t\n\t\t\t\t\t<p class=\"p-lg m-bottom-15\"><\/p>\n\t\t\t\t\t\n\t\t\t\t\t\n\t\t\t\t\t<p>Medicinal and Bioinorganic Chemistry. Technical University of Munich (TUM). Department of Chemistry. Garching b. M\u00fcnchen. Germany.<\/p>\n<p>Title: \u201cSupramolecular theranostics to reach out the brain\u201d\n\t\t\t\t\t<\/p><\/div>[\/vc_column][\/vc_row][vc_row full_width=&#8221;stretch_row&#8221; css=&#8221;.vc_custom_1684271962754{margin-top: 15px !important;background-color: #f2f2f2 !important;}&#8221;][vc_column width=&#8221;1\/3&#8243; offset=&#8221;vc_col-lg-4 vc_col-md-4&#8243; css=&#8221;.vc_custom_1684271652701{margin-top: 20px !important;padding-top: 0px !important;}&#8221;][vc_single_image image=&#8221;1062&#8243; img_size=&#8221;200&#215;200&#8243; alignment=&#8221;center&#8221; style=&#8221;vc_box_border_circle&#8221;][\/vc_column][vc_column width=&#8221;2\/3&#8243; css=&#8221;.vc_custom_1684268607621{margin-top: 20px !important;}&#8221;]<div class=\"fbox m-bottom-50 \">\n\t\t\t\t\t\t\n\t\t\t\t\t\n\t\t\t\t\t<h4 class=\"h4-huge\">Dr. Alyson Fournier<\/h4>\n\t\t\t\t\t\n\t\t\t\t\t\n\t\t\t\t\t<p class=\"p-lg m-bottom-15\">McGill University, Montreal, Canada<\/p>\n\t\t\t\t\t\n\t\t\t\t\t\n\t\t\t\t\t<p>Title: \u201cMolecular Mechanisms regulating axonal neuroprotection and repair\u201d\n\t\t\t\t\t<\/p><\/div>[\/vc_column][\/vc_row][vc_row][vc_column][vc_separator][\/vc_column][\/vc_row]<\/p>\n<\/section>","protected":false},"excerpt":{"rendered":"<p>[vc_row full_width=&#8221;stretch_row&#8221; parallax=&#8221;content-moving&#8221; parallax_image=&#8221;500&#8243; css=&#8221;.vc_custom_1487990566443{margin-top: -50px !important;}&#8221;][vc_column][\/vc_column][\/vc_row][vc_row full_width=&#8221;stretch_row&#8221; el_id=&#8221;features&#8221; css=&#8221;.vc_custom_1684271887021{margin-top: 15px !important;}&#8221;][vc_column width=&#8221;1\/3&#8243; offset=&#8221;vc_col-lg-4 vc_col-md-4&#8243; css=&#8221;.vc_custom_1684271652701{margin-top: 20px !important;padding-top: 0px !important;}&#8221;][vc_single_image image=&#8221;1056&#8243; img_size=&#8221;200&#215;200&#8243; alignment=&#8221;center&#8221; style=&#8221;vc_box_border_circle&#8221;][\/vc_column][vc_column width=&#8221;2\/3&#8243; css=&#8221;.vc_custom_1684268607621{margin-top: 20px !important;}&#8221;][vc_btn title=&#8221;Read Abstract&#8221; style=&#8221;flat&#8221; color=&#8221;primary&#8221; size=&#8221;lg&#8221; align=&#8221;left&#8221; link=&#8221;url:https%3A%2F%2Fcsan2023.saneurociencias.org.ar%2Findex.php%2Fedvard-moser%2F|title:Plenary%20Lecture%20Edvard%20Moser|target:_blank&#8221;][vc_single_image image=&#8221;1077&#8243; img_size=&#8221;225&#215;75&#8243;][\/vc_column][\/vc_row][vc_row full_width=&#8221;stretch_row&#8221; css=&#8221;.vc_custom_1684271858033{margin-top: 15px !important;background-color: #f2f2f2 !important;}&#8221;][vc_column width=&#8221;1\/3&#8243; offset=&#8221;vc_col-lg-4 vc_col-md-4&#8243; css=&#8221;.vc_custom_1684271652701{margin-top: 20px !important;padding-top: 0px !important;}&#8221;][vc_single_image image=&#8221;1058&#8243; img_size=&#8221;200&#215;200&#8243; alignment=&#8221;center&#8221; style=&#8221;vc_box_border_circle&#8221;][\/vc_column][vc_column [&hellip;]<\/p>\n","protected":false},"author":1,"featured_media":0,"parent":0,"menu_order":0,"comment_status":"closed","ping_status":"closed","template":"","meta":{"footnotes":""},"class_list":["post-699","page","type-page","status-publish","hentry"],"_links":{"self":[{"href":"https:\/\/csan2023.saneurociencias.org.ar\/index.php\/wp-json\/wp\/v2\/pages\/699","targetHints":{"allow":["GET"]}}],"collection":[{"href":"https:\/\/csan2023.saneurociencias.org.ar\/index.php\/wp-json\/wp\/v2\/pages"}],"about":[{"href":"https:\/\/csan2023.saneurociencias.org.ar\/index.php\/wp-json\/wp\/v2\/types\/page"}],"author":[{"embeddable":true,"href":"https:\/\/csan2023.saneurociencias.org.ar\/index.php\/wp-json\/wp\/v2\/users\/1"}],"replies":[{"embeddable":true,"href":"https:\/\/csan2023.saneurociencias.org.ar\/index.php\/wp-json\/wp\/v2\/comments?post=699"}],"version-history":[{"count":53,"href":"https:\/\/csan2023.saneurociencias.org.ar\/index.php\/wp-json\/wp\/v2\/pages\/699\/revisions"}],"predecessor-version":[{"id":2412,"href":"https:\/\/csan2023.saneurociencias.org.ar\/index.php\/wp-json\/wp\/v2\/pages\/699\/revisions\/2412"}],"wp:attachment":[{"href":"https:\/\/csan2023.saneurociencias.org.ar\/index.php\/wp-json\/wp\/v2\/media?parent=699"}],"curies":[{"name":"wp","href":"https:\/\/api.w.org\/{rel}","templated":true}]}}