{"id":898,"date":"2023-06-01T17:27:05","date_gmt":"2023-06-01T20:27:05","guid":{"rendered":"https:\/\/csan2023.saneurociencias.org.ar\/?page_id=898"},"modified":"2023-06-14T12:10:49","modified_gmt":"2023-06-14T15:10:49","slug":"organizing-comittee","status":"publish","type":"page","link":"https:\/\/csan2023.saneurociencias.org.ar\/index.php\/organizing-comittee\/","title":{"rendered":"Organizing Comittee"},"content":{"rendered":"<section class=\"wpb-content-wrapper\"><p>[vc_row full_width=&#8221;stretch_row&#8221; parallax=&#8221;content-moving&#8221; parallax_image=&#8221;532&#8243; css=&#8221;.vc_custom_1685649063726{margin-top: -50px !important;}&#8221;][vc_column]<section id=\"about-header\" class=\"bg-scroll header-info-section division \">\n\t\t\t<div class=\"container white-color\">\t\t\t\t\n\t\t\t\t<div class=\"row\">\t\t\t\t\t\t\n\t\t\t\t\t<div class=\"col-md-8 col-lg-6 col-md-offset-2 col-lg-offset-3 text-center\">\t\t\t\t\t\t\t\t\t\n\n\t\t\t\t\t\t\n\t\t\t\t\t\t<h2 class=\"h2-medium\">Organizing Comittee<\/h2>\n\t\t\t\t\t\t\t\n\t\t\t\t\t\t\n\t\t\t\t\t\t<p class=\"p-huge\"><\/p>\n\t\t\t\t\t\t\n\t\t\t\t\t<\/div>\t\t\t\t\t\t\n\t\t\t\t<\/div>\n\t\t\t<\/div>\n\t\t<\/section>[\/vc_column][\/vc_row][vc_row][vc_column][vc_column_text]<strong>Macarena Amigo Duran<\/strong><br \/>\nInstituto de investigaci\u00f3n en Biomedicina de Buenos Aires, IBioBA-CONICET-MPSP<br \/>\n<strong><br \/>\nMarta Antonelli<br \/>\n<\/strong>Instituto de Biolog\u00eda Celular y Neurociencia &#8220;Prof Dr. Eduardo De Robertis&#8221;<br \/>\n<strong><br \/>\nAna Anzulovich<br \/>\n<\/strong>Facultad de Qu\u00edmica, Bioqu\u00edmica y Farmacia, UNSL- IMIBIO-SL, CONICET-UNSL<br \/>\n<strong><br \/>\nIvanna Carla Castro Pascual<br \/>\n<\/strong>Facultad de Qu\u00edmica, Bioqu\u00edmica y Farmacia, UNSL- IMIBIO-SL, CONICET-UNSL<br \/>\n<strong><br \/>\nLeandro Casiraghi<br \/>\n<\/strong>Laboratorio Interdisciplinario del Tiempo y la Experiencia (LITERA), Universidad de San Andr\u00e9s.<br \/>\n<strong><br \/>\nNoel Federman<br \/>\n<\/strong>Instituto de investigaci\u00f3n en Biomedicina de Buenos Aires, IBioBA-CONICET-MPSP<br \/>\n<strong><br \/>\nLucia Alba Ferrara<br \/>\n<\/strong>Estudios en Neurociencias y Sistemas Complejos, ENYS &#8211; CONICET &#8211; Hospital El Cruce &#8211; Universidad Nacional Arturo Jauretche<br \/>\n<strong><br \/>\nSol Ramos<br \/>\n<\/strong>Instituto de investigaci\u00f3n en Biomedicina de Buenos Aires, IBioBA-CONICET-MPSP<br \/>\n<strong><br \/>\nDiego Rayes<br \/>\n<\/strong>Instituto de Investigaciones Bioqu\u00edmicas de Bah\u00eda Blanca, INIBIBB-CONICET<br \/>\n<strong><br \/>\nEliana Ruetti<br \/>\n<\/strong>Unidad de Neurobiolog\u00eda Aplicada (UNA), CEMIC-CONICET<br \/>\n<strong><br \/>\nMariano Soiza Reilly<br \/>\n<\/strong>Instituto de Fisiolog\u00eda, Biolog\u00eda Molecular y Neurociencias (IFIBYNE, UBA-CONICET)<br \/>\n<strong><br \/>\nLidia Szczupak<br \/>\n<\/strong>Instituto de Fisiolog\u00eda, Biolog\u00eda Molecular y Neurociencias (IFIBYNE, UBA-CONICET)<\/p>\n<p>&nbsp;<\/p>\n<p>&nbsp;<\/p>\n<p>&nbsp;<\/p>\n<p>&nbsp;<\/p>\n<p>&nbsp;<\/p>\n<p>[\/vc_column_text][\/vc_column][\/vc_row]<\/p>\n<\/section>","protected":false},"excerpt":{"rendered":"<p>[vc_row full_width=&#8221;stretch_row&#8221; parallax=&#8221;content-moving&#8221; parallax_image=&#8221;532&#8243; css=&#8221;.vc_custom_1685649063726{margin-top: -50px !important;}&#8221;][vc_column][\/vc_column][\/vc_row][vc_row][vc_column][vc_column_text]Macarena Amigo Duran Instituto de investigaci\u00f3n en Biomedicina de Buenos Aires, IBioBA-CONICET-MPSP Marta Antonelli Instituto de Biolog\u00eda Celular y Neurociencia &#8220;Prof Dr. Eduardo De Robertis&#8221; Ana Anzulovich Facultad de Qu\u00edmica, Bioqu\u00edmica y Farmacia, UNSL- IMIBIO-SL, CONICET-UNSL Ivanna Carla Castro Pascual Facultad de Qu\u00edmica, Bioqu\u00edmica y Farmacia, UNSL- IMIBIO-SL, CONICET-UNSL [&hellip;]<\/p>\n","protected":false},"author":1,"featured_media":0,"parent":0,"menu_order":0,"comment_status":"closed","ping_status":"closed","template":"","meta":{"footnotes":""},"class_list":["post-898","page","type-page","status-publish","hentry"],"_links":{"self":[{"href":"https:\/\/csan2023.saneurociencias.org.ar\/index.php\/wp-json\/wp\/v2\/pages\/898","targetHints":{"allow":["GET"]}}],"collection":[{"href":"https:\/\/csan2023.saneurociencias.org.ar\/index.php\/wp-json\/wp\/v2\/pages"}],"about":[{"href":"https:\/\/csan2023.saneurociencias.org.ar\/index.php\/wp-json\/wp\/v2\/types\/page"}],"author":[{"embeddable":true,"href":"https:\/\/csan2023.saneurociencias.org.ar\/index.php\/wp-json\/wp\/v2\/users\/1"}],"replies":[{"embeddable":true,"href":"https:\/\/csan2023.saneurociencias.org.ar\/index.php\/wp-json\/wp\/v2\/comments?post=898"}],"version-history":[{"count":4,"href":"https:\/\/csan2023.saneurociencias.org.ar\/index.php\/wp-json\/wp\/v2\/pages\/898\/revisions"}],"predecessor-version":[{"id":1029,"href":"https:\/\/csan2023.saneurociencias.org.ar\/index.php\/wp-json\/wp\/v2\/pages\/898\/revisions\/1029"}],"wp:attachment":[{"href":"https:\/\/csan2023.saneurociencias.org.ar\/index.php\/wp-json\/wp\/v2\/media?parent=898"}],"curies":[{"name":"wp","href":"https:\/\/api.w.org\/{rel}","templated":true}]}}