{"id":903,"date":"2023-06-01T17:28:20","date_gmt":"2023-06-01T20:28:20","guid":{"rendered":"https:\/\/csan2023.saneurociencias.org.ar\/?page_id=903"},"modified":"2023-09-29T14:14:36","modified_gmt":"2023-09-29T17:14:36","slug":"venue","status":"publish","type":"page","link":"https:\/\/csan2023.saneurociencias.org.ar\/index.php\/venue\/","title":{"rendered":"Venue"},"content":{"rendered":"<section class=\"wpb-content-wrapper\"><p>[vc_row full_width=&#8221;stretch_row&#8221; parallax=&#8221;content-moving&#8221; parallax_image=&#8221;532&#8243; css=&#8221;.vc_custom_1685649063726{margin-top: -50px !important;}&#8221;][vc_column]<section id=\"about-header\" class=\"bg-scroll header-info-section division \">\n\t\t\t<div class=\"container white-color\">\t\t\t\t\n\t\t\t\t<div class=\"row\">\t\t\t\t\t\t\n\t\t\t\t\t<div class=\"col-md-8 col-lg-6 col-md-offset-2 col-lg-offset-3 text-center\">\t\t\t\t\t\t\t\t\t\n\n\t\t\t\t\t\t\n\t\t\t\t\t\t<h2 class=\"h2-medium\">Venue<\/h2>\n\t\t\t\t\t\t\t\n\t\t\t\t\t\t\n\t\t\t\t\t\t<p class=\"p-huge\"><\/p>\n\t\t\t\t\t\t\n\t\t\t\t\t<\/div>\t\t\t\t\t\t\n\t\t\t\t<\/div>\n\t\t\t<\/div>\n\t\t<\/section>[\/vc_column][\/vc_row][vc_row][vc_column width=&#8221;1\/2&#8243;]<div class=\"section-title \"><h3>Where to stay<\/h3><\/div>[\/vc_column][vc_column width=&#8221;1\/2&#8243;]<div class=\"section-title \"><h3>Universidad Nacional de San Luis<\/h3><\/div>[\/vc_column][\/vc_row][vc_row][vc_column width=&#8221;1\/2&#8243;][vc_column_text]<strong>GRAN HOTEL SAN LUIS &#8211; <a href=\"https:\/\/granhotelsanluis.com.ar\/\" target=\"_blank\" rel=\"noopener\">WebSite<\/a><\/strong><\/p>\n<p>Habitaci\u00f3n Single $20.200<br \/>\nHabitaci\u00f3n Doble $25.200<br \/>\nHabitaci\u00f3n Triple $29.600<\/p>\n<p>Los valores son en pesos argentinos por noche, por habitacion e incluyen impuestos, desayuno buffet, cocheras, internet WI-FILOS VALORES SON POR<br \/>\nConsultas a: reservas@granhotelsanluis.com.ar<br \/>\nMencionar: Congreso SAN2023 \/ Sociedad Argentina de Investigaci\u00f3n en Neurociencias<\/p>\n<p><strong>HOTEL AIELLO &#8211; <a href=\"https:\/\/hotelaiellosanluis.com.ar\/\" target=\"_blank\" rel=\"noopener\">WebSite<\/a><\/strong><\/p>\n<p>Habitaci\u00f3n Single $20.000<br \/>\nHabitaci\u00f3n Doble $26.000<br \/>\nHabitaci\u00f3n Triple $30.000<br \/>\nHabitaci\u00f3n Cu\u00e1druple $33.000<\/p>\n<p>Los valores son por noche, por habitaci\u00f3n e incluyen impuestos, desayuno, cochera, piscina, WIFI y gimnasio<\/p>\n<p><strong>VISIT HOTEL &amp; APART &#8211; <a href=\"https:\/\/wp.visithotelapart.com.ar\/\" target=\"_blank\" rel=\"noopener\">WebSite<\/a><\/strong><\/p>\n<p>Mencionando al congreso SAN2023, 15% de descuento sobre la tarifa de mostrador vigente (exclusivamente en reservas directas al hotel)<br \/>\nPromo Family Plan: con la reserva de una habitaci\u00f3n doble, ingresan hasta 2 menores de 12 a\u00f1os sin cargo (no acumulable con el descuento)<br \/>\nConsultas a: ventas@visithotelapart.com.ar[\/vc_column_text][\/vc_column][vc_column width=&#8221;1\/2&#8243;][vc_column_text]<iframe loading=\"lazy\" style=\"border: 0;\" src=\"https:\/\/www.google.com\/maps\/embed?pb=!1m14!1m8!1m3!1d6670.033811845417!2d-66.3400022!3d-33.2922207!3m2!1i1024!2i768!4f13.1!3m3!1m2!1s0x95d4394eec782487%3A0x2bcfdfba83514ad4!2sUniversidad%20Nacional%20de%20San%20Luis!5e0!3m2!1ses-419!2sar!4v1686066540734!5m2!1ses-419!2sar\" width=\"600\" height=\"450\" allowfullscreen=\"allowfullscreen\"><\/iframe>[\/vc_column_text][vc_single_image image=&#8221;2376&#8243; img_size=&#8221;full&#8221; onclick=&#8221;link_image&#8221;][\/vc_column][\/vc_row]<\/p>\n<\/section>","protected":false},"excerpt":{"rendered":"<p>[vc_row full_width=&#8221;stretch_row&#8221; parallax=&#8221;content-moving&#8221; parallax_image=&#8221;532&#8243; css=&#8221;.vc_custom_1685649063726{margin-top: -50px !important;}&#8221;][vc_column][\/vc_column][\/vc_row][vc_row][vc_column width=&#8221;1\/2&#8243;][\/vc_column][vc_column width=&#8221;1\/2&#8243;][\/vc_column][\/vc_row][vc_row][vc_column width=&#8221;1\/2&#8243;][vc_column_text]GRAN HOTEL SAN LUIS &#8211; WebSite Habitaci\u00f3n Single $20.200 Habitaci\u00f3n Doble $25.200 Habitaci\u00f3n Triple $29.600 Los valores son en pesos argentinos por noche, por habitacion e incluyen impuestos, desayuno buffet, cocheras, internet WI-FILOS VALORES SON POR Consultas a: reservas@granhotelsanluis.com.ar Mencionar: Congreso SAN2023 \/ Sociedad Argentina de [&hellip;]<\/p>\n","protected":false},"author":1,"featured_media":0,"parent":0,"menu_order":0,"comment_status":"closed","ping_status":"closed","template":"","meta":{"footnotes":""},"class_list":["post-903","page","type-page","status-publish","hentry"],"_links":{"self":[{"href":"https:\/\/csan2023.saneurociencias.org.ar\/index.php\/wp-json\/wp\/v2\/pages\/903","targetHints":{"allow":["GET"]}}],"collection":[{"href":"https:\/\/csan2023.saneurociencias.org.ar\/index.php\/wp-json\/wp\/v2\/pages"}],"about":[{"href":"https:\/\/csan2023.saneurociencias.org.ar\/index.php\/wp-json\/wp\/v2\/types\/page"}],"author":[{"embeddable":true,"href":"https:\/\/csan2023.saneurociencias.org.ar\/index.php\/wp-json\/wp\/v2\/users\/1"}],"replies":[{"embeddable":true,"href":"https:\/\/csan2023.saneurociencias.org.ar\/index.php\/wp-json\/wp\/v2\/comments?post=903"}],"version-history":[{"count":19,"href":"https:\/\/csan2023.saneurociencias.org.ar\/index.php\/wp-json\/wp\/v2\/pages\/903\/revisions"}],"predecessor-version":[{"id":2378,"href":"https:\/\/csan2023.saneurociencias.org.ar\/index.php\/wp-json\/wp\/v2\/pages\/903\/revisions\/2378"}],"wp:attachment":[{"href":"https:\/\/csan2023.saneurociencias.org.ar\/index.php\/wp-json\/wp\/v2\/media?parent=903"}],"curies":[{"name":"wp","href":"https:\/\/api.w.org\/{rel}","templated":true}]}}