{"id":907,"date":"2023-06-01T17:29:51","date_gmt":"2023-06-01T20:29:51","guid":{"rendered":"https:\/\/csan2023.saneurociencias.org.ar\/?page_id=907"},"modified":"2023-09-30T14:28:07","modified_gmt":"2023-09-30T17:28:07","slug":"program","status":"publish","type":"page","link":"https:\/\/csan2023.saneurociencias.org.ar\/index.php\/program\/","title":{"rendered":"Program"},"content":{"rendered":"<section class=\"wpb-content-wrapper\"><p>[vc_row full_width=&#8221;stretch_row&#8221; parallax=&#8221;content-moving&#8221; parallax_image=&#8221;532&#8243; css=&#8221;.vc_custom_1685649063726{margin-top: -50px !important;}&#8221;][vc_column]<section id=\"about-header\" class=\"bg-scroll header-info-section division \">\n\t\t\t<div class=\"container white-color\">\t\t\t\t\n\t\t\t\t<div class=\"row\">\t\t\t\t\t\t\n\t\t\t\t\t<div class=\"col-md-8 col-lg-6 col-md-offset-2 col-lg-offset-3 text-center\">\t\t\t\t\t\t\t\t\t\n\n\t\t\t\t\t\t\n\t\t\t\t\t\t<h2 class=\"h2-medium\">Program<\/h2>\n\t\t\t\t\t\t\t\n\t\t\t\t\t\t\n\t\t\t\t\t\t<p class=\"p-huge\"><\/p>\n\t\t\t\t\t\t\n\t\t\t\t\t<\/div>\t\t\t\t\t\t\n\t\t\t\t<\/div>\n\t\t\t<\/div>\n\t\t<\/section>[\/vc_column][\/vc_row][vc_row][vc_column][vc_tta_tabs color=&#8221;white&#8221; alignment=&#8221;center&#8221; active_section=&#8221;1&#8243; no_fill_content_area=&#8221;true&#8221;][vc_tta_section i_icon_fontawesome=&#8221;far fa-calendar-alt&#8221; add_icon=&#8221;true&#8221; title=&#8221;October 2nd, Monday&#8221; tab_id=&#8221;1688760735875-939bf096-d7e6&#8243;][vc_column_text]<\/p>\n<table>\n<tbody>\n<tr>\n<th>Time<\/th>\n<th>Event<\/th>\n<\/tr>\n<tr>\n<td>11:00 &#8211; 11:30<\/td>\n<td style=\"background-color: #cccccc;\" rowspan=\"18\"><strong>Pre-meeting Courses<\/strong><\/td>\n<\/tr>\n<tr>\n<td>11:30 &#8211; 12:00<\/td>\n<\/tr>\n<tr>\n<td>12:00 &#8211; 12:30<\/td>\n<\/tr>\n<tr>\n<td>12:30 &#8211; 13:00<\/td>\n<\/tr>\n<tr>\n<td>13:00 &#8211; 13:30<\/td>\n<\/tr>\n<tr>\n<td>13:30 &#8211; 14:00<\/td>\n<\/tr>\n<tr>\n<td>14:00 &#8211; 14:30<\/td>\n<\/tr>\n<tr>\n<td>14:30 &#8211; 15:00<\/td>\n<\/tr>\n<tr>\n<td>15:00 &#8211; 15:30<\/td>\n<\/tr>\n<tr>\n<td>15:30 &#8211; 16:00<\/td>\n<\/tr>\n<tr>\n<td>16:00 &#8211; 16:30<\/td>\n<\/tr>\n<tr>\n<td>16:30 &#8211; 17:00<\/td>\n<\/tr>\n<tr>\n<td>17:00 &#8211; 17:30<\/td>\n<\/tr>\n<tr>\n<td>17:30 &#8211; 18:00<\/td>\n<\/tr>\n<tr>\n<td>18:00 &#8211; 18:30<\/td>\n<\/tr>\n<tr>\n<td>18:30 &#8211; 19:00<\/td>\n<\/tr>\n<tr>\n<td>19:00 &#8211; 19:30<\/td>\n<\/tr>\n<tr>\n<td>19:30 &#8211; 20:00<\/td>\n<\/tr>\n<\/tbody>\n<\/table>\n<p>[\/vc_column_text][\/vc_tta_section][vc_tta_section title=&#8221;October 3rd, Tuesday&#8221; tab_id=&#8221;1688760735903-c2e9c76a-3336&#8243;][vc_column_text]<\/p>\n<table>\n<tbody>\n<tr>\n<th>Time<\/th>\n<th>Event<\/th>\n<\/tr>\n<tr>\n<td>11:00 &#8211; 11:30<\/td>\n<td style=\"background-color: #e2e2e2;\" rowspan=\"13\"><strong>Pre-meeting Courses<\/strong><\/td>\n<\/tr>\n<tr>\n<td>11:30 &#8211; 12:00<\/td>\n<\/tr>\n<tr>\n<td>12:00 &#8211; 12:30<\/td>\n<\/tr>\n<tr>\n<td>12:30 &#8211; 13:00<\/td>\n<\/tr>\n<tr>\n<td>13:00 &#8211; 13:30<\/td>\n<\/tr>\n<tr>\n<td>13:30 &#8211; 14:00<\/td>\n<\/tr>\n<tr>\n<td>14:00 &#8211; 14:30<\/td>\n<\/tr>\n<tr>\n<td>14:30 &#8211; 15:00<\/td>\n<\/tr>\n<tr>\n<td>15:00 &#8211; 15:30<\/td>\n<\/tr>\n<tr>\n<td>15:30 &#8211; 16:00<\/td>\n<\/tr>\n<tr>\n<td>16:00 &#8211; 16:30<\/td>\n<\/tr>\n<tr>\n<td>16:30 &#8211; 17:00<\/td>\n<\/tr>\n<tr>\n<td>17:00 &#8211; 17:30<\/td>\n<\/tr>\n<tr>\n<td>17:30 &#8211; 18:00<\/td>\n<td style=\"background-color: #00bcd4; color: #fff;\" rowspan=\"2\"><strong>SAN 2023 Registration<\/strong><\/td>\n<\/tr>\n<tr>\n<td>18:00 &#8211; 18:30<\/td>\n<\/tr>\n<tr>\n<td>18:30 &#8211; 19:00<\/td>\n<td><\/td>\n<\/tr>\n<tr>\n<td>19:00 &#8211; 19:30<\/td>\n<td><\/td>\n<\/tr>\n<tr>\n<td>19:30 &#8211; 20:00<\/td>\n<td><\/td>\n<\/tr>\n<\/tbody>\n<\/table>\n<p>[\/vc_column_text][\/vc_tta_section][vc_tta_section title=&#8221;October 4th, Wednesday&#8221; tab_id=&#8221;1688760868547-4dec0e4a-a1b0&#8243;][vc_column_text]<\/p>\n<table>\n<tbody>\n<tr>\n<th>Time<\/th>\n<th>Event<\/th>\n<\/tr>\n<tr>\n<td>08:30 &#8211; 09:00<\/td>\n<td><strong>SAN2023 Registration (cont)<\/strong><\/td>\n<\/tr>\n<tr>\n<td>09:00 &#8211; 09:30<\/td>\n<td><strong>AUDITORIUM<br \/>\nOpening Words Marta Antonelli<\/strong><\/td>\n<\/tr>\n<tr>\n<td>09:30 &#8211; 10:00<\/td>\n<td rowspan=\"2\"><strong>AUDITORIUM<br \/>\nOpening Lecture &#8220;Dra Amanda Pellegrino&#8221;: Alyson Fournier &#8211; Molecular Mechanisms regulating axonal neuroprotection and repair &#8211; Chairs: Nicol\u00e1s Unsain &amp; Marta Antonelli<\/strong><\/td>\n<\/tr>\n<tr>\n<td>10:00 &#8211; 10:30<\/td>\n<\/tr>\n<tr>\n<td>10:30 &#8211; 12:30<\/td>\n<td rowspan=\"4\"><span style=\"color: #3366ff;\"><em><a style=\"color: #3366ff;\" href=\"https:\/\/csan2023.saneurociencias.org.ar\/index.php\/symposia\/#1684885681887-79d3f0b8-ec56\"><strong>Symposia S1 &#8211; S2<\/strong><\/a><\/em><\/span><\/p>\n<p><strong>MICROCINE &#8211; S1.- Neurotour<\/strong><br \/>\n<strong>Maria Florencia Rossetti<\/strong> (virtual): Offspring brain and placental programming in a rodent model of maternal cafeteria diet<br \/>\n<strong>Fernando Altamirano<\/strong>: Chronobiological and epigenetic basis of cognitive functions in a model of aging subjected to caloric restriction<br \/>\n<strong>Soledad Esp\u00f3sito<\/strong>: Brainstem circuits for motor control<\/p>\n<p>Chairs: Gabriela Salvador y Fernando Altamirano<\/p>\n<p>&nbsp;<\/p>\n<p><strong>AUDITORIUM &#8211; S2.- Symposium olfactory processing<br \/>\nKevin Franks:\u00a0Sequence decoding with millisecond precision in the olfactory cortex<\/strong><br \/>\n<strong>Cindy Poo:<\/strong> Neural basis of odor-guided navigation<br \/>\n<strong>Antonia M Burgin:<\/strong> Learning embeds multidimensional encoding of experience in olfactory cortex<br \/>\n<strong>F. Albeanu:<\/strong> Sensorimotor prediction errors in the mouse olfactory cortex<\/p>\n<p>Chairs: Antonia Burgin, Noel Federman y Romano<\/td>\n<\/tr>\n<tr>\n<td><\/td>\n<\/tr>\n<tr>\n<td><\/td>\n<\/tr>\n<tr>\n<td><\/td>\n<\/tr>\n<tr>\n<td>12:30 &#8211; 13:00<\/td>\n<td rowspan=\"3\"><strong>Lunch<\/strong><\/td>\n<\/tr>\n<tr>\n<td>13:00 &#8211; 13:30<\/td>\n<\/tr>\n<tr>\n<td>13:30 &#8211; 14:00<\/td>\n<\/tr>\n<tr>\n<td>14:00 &#8211; 16:00<\/td>\n<td rowspan=\"4\"><span style=\"color: #3366ff;\"><a style=\"color: #3366ff;\" href=\"https:\/\/csan2023.saneurociencias.org.ar\/index.php\/symposia\/#1684887157982-8805a501-3a96\"><em><strong>Symposia S3 &#8211; S4<\/strong><\/em><\/a><\/span><\/p>\n<p><strong>MICROCINE &#8211; S3.- On the role of the vagus nerve and cholinergic signaling in multi-scale metabolic optimization and active inference<\/strong><br \/>\n<strong>Harold Schulz:<\/strong> Physiological foundations of the vagal efferent and afferent circuitry<br \/>\n<strong>Franceso Cerritelli (virtual):<\/strong> The role of touch in the neurobiological development of the mother-newborn dyad<br \/>\n<strong>Anjali Bhat:<\/strong> False inference in the brain and the immune system: Autoimmunity, allergies, hallucinations<br \/>\n<strong>Martin Frasch:<\/strong> Multi-scale organization of cholinergic signaling in immunometabolism: is there evidence of immunoceptive inference?<\/p>\n<p>CHAIR: Martin Frasch<\/p>\n<p><strong>AUDITORIUM &#8211; S4.- Circuit maladaptations in neuropsychiatric disorders<\/strong><br \/>\n<strong>Jacques Barik:<\/strong> \u201cNicotine disrupts Top-Down Habenular control over Cholinergic Signals to Gate Motivation\u201d<br \/>\n<strong>Natalia De Marco:<\/strong> \u201cThe Emergence of Network Activity Patterns-An Early Window to Autism Spectrum Disorder\u201d<br \/>\n<strong>Francois Georges:<\/strong> \u201cEmotion in Action: Anatomical and Functional characterization of Amygdala-Striatal circuits\u201d<br \/>\n<strong>Marisela Morales:<\/strong> \u201cVentral tegmental area neuronal diversity, connectivity, unanticipated types of neurotransmission and behavior\u201d<\/p>\n<p>Chairs: Mariano Soiza &amp; Sebastian Fernandez<\/td>\n<\/tr>\n<tr>\n<td><\/td>\n<\/tr>\n<tr>\n<td><\/td>\n<\/tr>\n<tr>\n<td><\/td>\n<\/tr>\n<tr>\n<td>16:00 &#8211; 16:30<\/td>\n<td><strong>Coffee break<\/strong><\/td>\n<\/tr>\n<tr>\n<td>16:30 &#8211; 17:30<\/td>\n<td rowspan=\"2\"><strong>Oral Communications<\/strong><\/p>\n<p><strong><span style=\"color: #0000ff;\">MICROCINE<\/span><\/strong><br \/>\n1.-Nahir Guadalupe Gazal<br \/>\n2.-Natali Rasetto<br \/>\n3.-Ivana Maria Gomez<br \/>\n4.-Juliette L\u00f3pez Hanotte<br \/>\n5.-Christell Tatiana Becerra Flores<\/p>\n<p><strong><span style=\"color: #0000ff;\">AUDITORIUM<\/span><\/strong><br \/>\n6.-Juan Ignacio Ispizua<br \/>\n7.-Luciano Cavallino<br \/>\n8.-Catalina Mar\u00eda Galv\u00e1n<br \/>\n9.-Facundo Fainstein<br \/>\n10.-Ana Paula Toselli<\/td>\n<\/tr>\n<tr>\n<td><\/td>\n<\/tr>\n<tr>\n<td>17:30 &#8211; 18:30<\/td>\n<td rowspan=\"2\"><strong>MICROCINE<br \/>\nGrant writing Workshop<br \/>\n<\/strong>Guntram Bauer, Human Frontiers Science ProgramChair: Lidia Szczupak<\/td>\n<\/tr>\n<tr>\n<td><\/td>\n<\/tr>\n<tr>\n<td>18:30 &#8211; 20:00<\/td>\n<td rowspan=\"3\"><strong>Social<\/strong><br \/>\nOrganized by: Comisi\u00f3n de Pol\u00edtica Cient\u00edfica<br \/>\nClaudia Capurro<\/td>\n<\/tr>\n<tr>\n<td><\/td>\n<\/tr>\n<tr>\n<td><\/td>\n<\/tr>\n<tr>\n<td>20:00<\/td>\n<td><strong>Social<\/strong><br \/>\nOrganized by: Red de Estudiantes<\/td>\n<\/tr>\n<\/tbody>\n<\/table>\n<p>[\/vc_column_text][\/vc_tta_section][vc_tta_section title=&#8221;October 5th, Thursday&#8221; tab_id=&#8221;1688760925766-ff01d347-9465&#8243;][vc_column_text]<\/p>\n<table>\n<tbody>\n<tr>\n<th>Time<\/th>\n<th>Event<\/th>\n<\/tr>\n<tr>\n<td>08:30 &#8211; 09:00<\/td>\n<td>&#8211;<\/td>\n<\/tr>\n<tr>\n<td>09:00 &#8211; 11:00<\/td>\n<td rowspan=\"4\"><span style=\"color: #3366ff;\"><a style=\"color: #3366ff;\" href=\"https:\/\/csan2023.saneurociencias.org.ar\/index.php\/symposia\/#1684886464069-44d24ec5-0096\"><em><strong>Symposia S5 &#8211; S6<\/strong><\/em><\/a><\/span><\/p>\n<p><strong>MICROCINE &#8211; <\/strong><strong>S6.- Dynamics and computations in large neuronal populations<\/strong><br \/>\n<strong>Ines Samengo<\/strong>: The emergence of a metric in the representation of space from neuronal population activity<br \/>\n<strong>Ivan Davidovich (Virtual):<\/strong> Uncovering functional connectivity in continuous attractor networks<br \/>\n<strong>Emilio Kropf:<\/strong> Unique potential of immature adult-born neurons for the remodeling of CA3 spatial maps<br \/>\n<strong>Soledad G. Cogno (Virtual):<\/strong> Minute-scale periodic sequences in the medial entorhinal cortex<\/p>\n<p>Chair: Soledad G. Cogno<\/p>\n<p><strong>AUDITORIUM &#8211; S5.- What do we know, and don&#8217;t know, about sleep?<\/strong><br \/>\n<strong>Daniela Noain:<\/strong> Could modulation of brain slow oscillatory activity become a new treatment alternative for Parkinson\u2019s disease? Lessons learnt from animal studies.<br \/>\n<strong>Mar\u00eda J. Leone:<\/strong> School start times, chronotype, sleep and academic success in Argentinian adolescents<br \/>\n<strong>G. Gliestro:<\/strong> Divergent evolution of sleep homeostasis open new perspectives on the function of sleep<br \/>\n<strong>Luis de Lecea:<\/strong> Sleep and wake control across lifespan<\/p>\n<p>Chairs: Nara Muraro &amp; Esteban Beckwith<\/td>\n<\/tr>\n<tr>\n<td><\/td>\n<\/tr>\n<tr>\n<td><\/td>\n<\/tr>\n<tr>\n<td><\/td>\n<\/tr>\n<tr>\n<td>11:00 &#8211; 11:30<\/td>\n<td>Coffee break<\/td>\n<\/tr>\n<tr>\n<td>11:30 &#8211; 12:00<\/td>\n<td rowspan=\"2\"><strong>Plenary Lecture: &#8220;De Robertis&#8221; &#8211; Analia Bortolozzi &#8211; Emotional brain circuit mapping in Parkinson\u2019s disease<\/strong><\/p>\n<p>Chairs: Juan Ferrario &amp; Diana Jerusalinsky<\/td>\n<\/tr>\n<tr>\n<td>12:00 &#8211; 12:30<\/td>\n<\/tr>\n<tr>\n<td>12:30 &#8211; 13:00<\/td>\n<td rowspan=\"3\"><strong>Lunch<\/strong><\/td>\n<\/tr>\n<tr>\n<td>13:00 &#8211; 13:30<\/td>\n<\/tr>\n<tr>\n<td>13:30 &#8211; 14:00<\/td>\n<\/tr>\n<tr>\n<td>14:00 &#8211; 16:00<\/td>\n<td rowspan=\"4\"><strong>Young Investigator SYMPOSIUM<\/strong><\/p>\n<p><strong>MICROCINE<\/strong><br \/>\n1.-Rodrigo Echeveste<br \/>\n2.-Jose A. Fernandez-Leon<br \/>\n3.-Lorena, L\u00f3pez Steinmetz<br \/>\n4.-Ana Fabiola Macchione<br \/>\n5.-Victoria Peterson<\/p>\n<p>Chair: Mariana Ferramola &amp; Tomas D\u00e1melio<\/p>\n<p><strong>AUDITORIUM<\/strong><br \/>\n6.-Alejandro C\u00e1mera<br \/>\n7.-Ivanna Castro-Pascual<br \/>\n8.-Emiliano Marachlian<br \/>\n9.-Paula Subirada<br \/>\n10.-Paula M Wagner<\/p>\n<p>Chair: Diego Moncada &amp; Sol Ramos<\/td>\n<\/tr>\n<tr>\n<td><\/td>\n<\/tr>\n<tr>\n<td><\/td>\n<\/tr>\n<tr>\n<td><\/td>\n<\/tr>\n<tr>\n<td>16:00 &#8211; 16:30<\/td>\n<td rowspan=\"5\"><strong>Poster Session 1 (odd numbers) &amp; coffee<\/strong><\/td>\n<\/tr>\n<tr>\n<td>16:30 &#8211; 17:00<\/td>\n<\/tr>\n<tr>\n<td>17:00 &#8211; 17:30<\/td>\n<\/tr>\n<tr>\n<td>17:30 &#8211; 18:00<\/td>\n<\/tr>\n<tr>\n<td>18:00 &#8211; 18:30<\/td>\n<\/tr>\n<tr>\n<td>18:30 &#8211; 19:00<\/td>\n<td rowspan=\"3\"><strong>Assembly SAN<\/strong><\/td>\n<\/tr>\n<tr>\n<td>19:00 &#8211; 19:30<\/td>\n<\/tr>\n<tr>\n<td>19:30 &#8211; 20:00<\/td>\n<\/tr>\n<\/tbody>\n<\/table>\n<p>[\/vc_column_text][\/vc_tta_section][vc_tta_section title=&#8221;October 6th, Friday&#8221; tab_id=&#8221;1688760947588-d092a785-6b55&#8243;][vc_column_text]<\/p>\n<table>\n<tbody>\n<tr>\n<th>Time<\/th>\n<th>Event<\/th>\n<\/tr>\n<tr>\n<td>08:30 &#8211; 09:00<\/td>\n<td>&#8211;<\/td>\n<\/tr>\n<tr>\n<td>09:00 &#8211; 11:00<\/td>\n<td rowspan=\"4\"><span style=\"color: #3366ff;\"><a style=\"color: #3366ff;\" href=\"https:\/\/csan2023.saneurociencias.org.ar\/index.php\/symposia\/#1684884312266-f2a9052a-7286\"><em><strong>Symposia S7 &#8211; S8<\/strong><\/em><\/a><\/span><\/p>\n<p><strong>MICROCINE &#8211; S7.- Neurodevelopment in the womb and after birth: on stressors and resilience<\/strong><br \/>\n<strong>Gerlinde Metz:<\/strong> Impacts of Prenatal and Transgenerational Stress on Brain Development<br \/>\n<strong>William Fifer:<\/strong> Adverse exposures affect maternal, fetal and infant sleep and subsequent neurobehavioral development<br \/>\n<strong>Jose A. Fernandez Guasti:<\/strong> Prenatal stress and endocrine milieu as factors influencing sexual preference<br \/>\n<strong>Bea Van den Bergh:<\/strong> Maternal\u2013fetal stress and DNA methylation signatures in neonatal saliva<\/p>\n<p>CHAIR: Marta Antonelli<\/p>\n<p><strong>AUDITORIUM &#8211; S8.- Acetylcholine signaling: from receptors to human disease<\/strong><br \/>\n<strong>Francisco Barrantes:<\/strong> Structure and function meet at the nicotinic receptor-lipid interface<br \/>\n<strong>Patricio Iturriaga:<\/strong> From zebrafish to rats: the role of nicotinic receptors in behaviours<br \/>\n<strong>Cecelia Bouzat:<\/strong> Insights from the molecular functional level to understand why implementing the alpha7 nicotinic receptor as a therapeutic drug target is so challenging<br \/>\n<strong>Marina Picciotto:<\/strong> Acetylcholine signaling relevant to anxiety and depression<\/p>\n<p>CHAIR: Marina Picciotto<\/td>\n<\/tr>\n<tr>\n<td><\/td>\n<\/tr>\n<tr>\n<td><\/td>\n<\/tr>\n<tr>\n<td><\/td>\n<\/tr>\n<tr>\n<td>11:00 &#8211; 11:30<\/td>\n<td><strong>Coffee break<\/strong><\/td>\n<\/tr>\n<tr>\n<td>11:30 &#8211; 12:00<\/td>\n<td rowspan=\"2\"><strong>Plenary Lecture &#8220;Hector Maldonado&#8221;<\/strong> &#8211; Angela Casini: Supramolecular theranostics to reach out the brain<br \/>\nChairs: Marta Antonelli &amp; Mar\u00eda E. Pedreira<\/td>\n<\/tr>\n<tr>\n<td>12:00 &#8211; 12:30<\/td>\n<\/tr>\n<tr>\n<td>12:30 &#8211; 13:00<\/td>\n<td rowspan=\"3\"><strong>Lunch<\/strong><\/td>\n<\/tr>\n<tr>\n<td>13:00 &#8211; 13:30<\/td>\n<\/tr>\n<tr>\n<td>13:30 &#8211; 14:00<\/td>\n<\/tr>\n<tr>\n<td>14:00 &#8211;<span style=\"color: #3366ff;\"> 16:00<\/span><\/td>\n<td rowspan=\"4\"><span style=\"color: #3366ff;\"><a style=\"color: #3366ff;\" href=\"https:\/\/csan2023.saneurociencias.org.ar\/index.php\/symposia\/#1684887427104-8ab45e00-7ece\"><em><strong>Symposia S9<\/strong><\/em><\/a><\/span><\/p>\n<p><strong>AUDITORIUM &#8211; S9.- Time Waits For No One &#8211; Not Even Neuroscience<\/strong><br \/>\n<strong>Victoria Acosta Rodriguez:<\/strong> Circadian Rhythms in Aging and Longevity<br \/>\n<strong>Diego Fernandez:<\/strong> Environmental light influences behavior through distinct retina-brain circuits<br \/>\n<strong>Ivana Bussi:<\/strong> Fear keeps my mice awake during the day<br \/>\n<strong>Esteban Beckwith:<\/strong> Social interactions impact sleep and the clock<\/p>\n<p>CHAIRS: Leandro Casiraghi &amp; Diego Golombek<\/td>\n<\/tr>\n<tr>\n<td><\/td>\n<\/tr>\n<tr>\n<td><\/td>\n<\/tr>\n<tr>\n<td><\/td>\n<\/tr>\n<tr>\n<td>16:00 &#8211; 16:30<\/td>\n<td rowspan=\"5\"><strong>Poster Session 2 (even numbers posters)&amp; coffee<\/strong><\/td>\n<\/tr>\n<tr>\n<td>16:30 &#8211; 17:00<\/td>\n<\/tr>\n<tr>\n<td>17:00 &#8211; 17:30<\/td>\n<\/tr>\n<tr>\n<td>17:30 &#8211; 18:00<\/td>\n<\/tr>\n<tr>\n<td>18:00 &#8211; 18:30<\/td>\n<\/tr>\n<tr>\n<td>18:30 &#8211; 19:00<\/td>\n<td rowspan=\"2\"><strong>UNSL Honoris Causa Ceremony Prof. Moser<\/strong><\/td>\n<\/tr>\n<tr>\n<td>19:00 &#8211; 19:30<\/td>\n<\/tr>\n<tr>\n<td>19:30 &#8211; 20:00<\/td>\n<td><strong>Social organized by: Comisi\u00f3n de G\u00e9nero y Diversidad<\/strong><\/td>\n<\/tr>\n<\/tbody>\n<\/table>\n<p>[\/vc_column_text][\/vc_tta_section][vc_tta_section title=&#8221;October 7th, Saturday&#8221; tab_id=&#8221;1688760974311-e8b058e6-7a5a&#8221;][vc_column_text]<\/p>\n<table>\n<tbody>\n<tr>\n<th>Time<\/th>\n<th>Event<\/th>\n<\/tr>\n<tr>\n<td>08:30 &#8211; 09:00<\/td>\n<td>&#8211;<\/td>\n<\/tr>\n<tr>\n<td>09:00 &#8211; 11:00<\/td>\n<td rowspan=\"4\"><span style=\"color: #3366ff;\"><a style=\"color: #3366ff;\" href=\"https:\/\/csan2023.saneurociencias.org.ar\/index.php\/symposia\/#1684884698833-29a7dec3-ebb0\"><em><strong>Symposia S11 &#8211; S12<\/strong><\/em><\/a><\/span><\/p>\n<p><strong>MICROCINE S10.- Sexual and maternal behaviors in challenging contexts: disentangling the affiliative world of female rats<\/strong><br \/>\n<strong>Daniela Agrati:<\/strong> Development of sexual motivation in the female rat throughout adolescence<br \/>\n<strong>Alonso Fernandez Guasti:<\/strong> Alterations in the sexual behavior of diabetic female rats<br \/>\n<strong>Mariana Pereira:<\/strong> How mothers mother? Neurobiology of Maternal Sensitivity<br \/>\n<strong>Natalia Uriarte:<\/strong> Flexibility in behavioral strategies of mother rats raising pups of different ages<\/p>\n<p>CHAIRS: Daniela Agrati &amp; Natalia Uriarte<\/p>\n<p><strong>AUDITORIUM S11.- Plasticity of cortical circuits in development and adulthood<\/strong><br \/>\n<strong>Guillermina Lopez Bendito:<\/strong> Development and Plasticity of Sensory Circuits<br \/>\n<strong>Daniel Schulz:<\/strong> Probing tactile feature encoding, sensori-motor integration and neuronal plasticity in mice through a cortical closed-loop brain-machine interface<br \/>\n<strong>Alejandro Schinder:<\/strong> Activity-dependent integration of developing neurons of the adult hippocampus<\/p>\n<p>CHAIR: Alejandro Schinder<\/td>\n<\/tr>\n<tr>\n<td><\/td>\n<\/tr>\n<tr>\n<td><\/td>\n<\/tr>\n<tr>\n<td><\/td>\n<\/tr>\n<tr>\n<td>11:00 &#8211; 11:30<\/td>\n<td><strong>Coffee break<\/strong><\/td>\n<\/tr>\n<tr>\n<td>11:30 &#8211; 12:00<\/td>\n<td rowspan=\"2\"><strong>AUDITORIUM<br \/>\nClosing Plenary Lecture &#8220;Ranwel Caputo&#8221; &#8211; Edvard Moser &#8211; Neural network dynamics in entorhinal cortex : Space and time<br \/>\n<\/strong>Chairs: Marta Antonelli &amp; Mario Guido<\/td>\n<\/tr>\n<tr>\n<td>12:00 &#8211; 12:30<\/td>\n<\/tr>\n<tr>\n<td>12:30 &#8211; 13:00<\/td>\n<td rowspan=\"3\"><strong>Farewell Lunch<\/strong><\/td>\n<\/tr>\n<tr>\n<td>13:00 &#8211; 13:30<\/td>\n<\/tr>\n<tr>\n<td>13:30 &#8211; 14:00<\/td>\n<\/tr>\n<tr>\n<td>14:00 &#8211; 14:30<\/td>\n<td>&#8211;<\/td>\n<\/tr>\n<tr>\n<td>14:30 &#8211; 15:00<\/td>\n<td>&#8211;<\/td>\n<\/tr>\n<tr>\n<td>15:00 &#8211; 15:30<\/td>\n<td>&#8211;<\/td>\n<\/tr>\n<tr>\n<td>15:30 &#8211; 16:00<\/td>\n<td>&#8211;<\/td>\n<\/tr>\n<tr>\n<td>16:00 &#8211; 16:30<\/td>\n<td>&#8211;<\/td>\n<\/tr>\n<tr>\n<td>16:30 &#8211; 17:00<\/td>\n<td>&#8211;<\/td>\n<\/tr>\n<tr>\n<td>17:00 &#8211; 17:30<\/td>\n<td>&#8211;<\/td>\n<\/tr>\n<tr>\n<td>17:30 &#8211; 18:00<\/td>\n<td>&#8211;<\/td>\n<\/tr>\n<tr>\n<td>18:00 &#8211; 18:30<\/td>\n<td>&#8211;<\/td>\n<\/tr>\n<tr>\n<td>18:30 &#8211; 19:00<\/td>\n<td>&#8211;<\/td>\n<\/tr>\n<tr>\n<td>19:00 &#8211; 19:30<\/td>\n<td>&#8211;<\/td>\n<\/tr>\n<tr>\n<td>19:30 &#8211; 20:00<\/td>\n<td>&#8211;<\/td>\n<\/tr>\n<\/tbody>\n<\/table>\n<p>[\/vc_column_text][\/vc_tta_section][\/vc_tta_tabs][\/vc_column][\/vc_row]<\/p>\n<\/section>","protected":false},"excerpt":{"rendered":"<p>[vc_row full_width=&#8221;stretch_row&#8221; parallax=&#8221;content-moving&#8221; parallax_image=&#8221;532&#8243; css=&#8221;.vc_custom_1685649063726{margin-top: -50px !important;}&#8221;][vc_column][\/vc_column][\/vc_row][vc_row][vc_column][vc_tta_tabs color=&#8221;white&#8221; alignment=&#8221;center&#8221; active_section=&#8221;1&#8243; no_fill_content_area=&#8221;true&#8221;][vc_tta_section i_icon_fontawesome=&#8221;far fa-calendar-alt&#8221; add_icon=&#8221;true&#8221; title=&#8221;October 2nd, Monday&#8221; tab_id=&#8221;1688760735875-939bf096-d7e6&#8243;][vc_column_text] Time Event 11:00 &#8211; 11:30 Pre-meeting Courses 11:30 &#8211; 12:00 12:00 &#8211; 12:30 12:30 &#8211; 13:00 13:00 &#8211; 13:30 13:30 &#8211; 14:00 14:00 &#8211; 14:30 14:30 &#8211; 15:00 15:00 &#8211; 15:30 15:30 &#8211; 16:00 16:00 &#8211; 16:30 [&hellip;]<\/p>\n","protected":false},"author":1,"featured_media":0,"parent":0,"menu_order":0,"comment_status":"closed","ping_status":"closed","template":"","meta":{"footnotes":""},"class_list":["post-907","page","type-page","status-publish","hentry"],"_links":{"self":[{"href":"https:\/\/csan2023.saneurociencias.org.ar\/index.php\/wp-json\/wp\/v2\/pages\/907","targetHints":{"allow":["GET"]}}],"collection":[{"href":"https:\/\/csan2023.saneurociencias.org.ar\/index.php\/wp-json\/wp\/v2\/pages"}],"about":[{"href":"https:\/\/csan2023.saneurociencias.org.ar\/index.php\/wp-json\/wp\/v2\/types\/page"}],"author":[{"embeddable":true,"href":"https:\/\/csan2023.saneurociencias.org.ar\/index.php\/wp-json\/wp\/v2\/users\/1"}],"replies":[{"embeddable":true,"href":"https:\/\/csan2023.saneurociencias.org.ar\/index.php\/wp-json\/wp\/v2\/comments?post=907"}],"version-history":[{"count":79,"href":"https:\/\/csan2023.saneurociencias.org.ar\/index.php\/wp-json\/wp\/v2\/pages\/907\/revisions"}],"predecessor-version":[{"id":2396,"href":"https:\/\/csan2023.saneurociencias.org.ar\/index.php\/wp-json\/wp\/v2\/pages\/907\/revisions\/2396"}],"wp:attachment":[{"href":"https:\/\/csan2023.saneurociencias.org.ar\/index.php\/wp-json\/wp\/v2\/media?parent=907"}],"curies":[{"name":"wp","href":"https:\/\/api.w.org\/{rel}","templated":true}]}}